{"id":43008,"date":"2023-10-24T18:10:38","date_gmt":"2023-10-24T16:10:38","guid":{"rendered":"https:\/\/www.judiskkristnarelationer.se\/?page_id=43008"},"modified":"2023-10-26T11:00:44","modified_gmt":"2023-10-26T09:00:44","slug":"glom-inte","status":"publish","type":"page","link":"https:\/\/www.judiskkristnarelationer.se\/?page_id=43008","title":{"rendered":"Gl\u00f6m inte"},"content":{"rendered":"\n    \n    <section class=\"u-clearfix u-lightbox u-section-2\" id=\"sec-5128\">\n      <div class=\"u-clearfix u-sheet u-valign-middle u-sheet-1\">\n        <div class=\"data-layout-selected u-clearfix u-expanded-width u-layout-wrap u-layout-wrap-1\">\n          <div class=\"u-layout\">\n            <div class=\"u-layout-col\">\n              <div class=\"u-container-style u-layout-cell u-opacity u-opacity-90 u-shape-round u-size-30 u-top-left-radius-5 u-top-right-radius-5 u-white u-layout-cell-1\">\n                <div class=\"u-border-1 u-border-custom-color-3 u-border-no-bottom u-container-layout u-valign-top u-container-layout-1\">\n                  <img decoding=\"async\" class=\"u-border-1 u-border-custom-color-3 u-image u-image-round u-radius-5 u-image-1\" src=\"https:\/\/www.judiskkristnarelationer.se\/wp-content\/uploads\/2023\/10\/glom_inte_7_okt_2.jpg\" alt=\"\" data-image-width=\"1200\" data-image-height=\"913\">\n                <\/div>\n              <\/div>\n              <div class=\"u-bottom-left-radius-5 u-bottom-right-radius-5 u-container-style u-layout-cell u-opacity u-opacity-90 u-shape-round u-size-30 u-white u-layout-cell-2\">\n                <div class=\"u-border-1 u-border-custom-color-3 u-border-no-top u-container-layout u-container-layout-2\">\n                  <div class=\"fr-view u-align-center-xs u-clearfix u-rich-text u-text u-text-1\">\n                    <p id=\"isPasted\">\n                      <span class=\"u-text-custom-color-3\" style=\"font-style: italic;\">G\u00f6ran Larsson skriver:<\/span>&nbsp;\n                    <\/p>\n                    <h1 style=\"text-align: center;\">\n                      <span style=\"font-weight: 700;\">\n                        <span class=\"u-text-custom-color-3\">Gl\u00f6m inte den 7 oktober 2023!<\/span>\n                      <\/span>\n                    <\/h1>\n                    <p>\n                      <br>\n                    <\/p>\n                    <p style=\"text-align: left;\">Konflikth\u00e4rdarna \u00e4r m\u00e5nga runt om i v\u00e4rlden och nyhetsfl\u00f6det \u00e4ndrar snabbt riktning. Hela tiden hamnar \u00e4ven allvarliga skeenden i skuggan av andra, och orsakssammanhangen manipuleras medvetet eller gl\u00f6ms bort. D\u00e4rf\u00f6r vill jag nu ge denna uppmaning:&nbsp;<\/p>\n                    <p style=\"text-align: center;\">\n                      <span style=\"font-weight: 700; font-style: italic;\">Gl\u00f6m inte den 7 oktober<\/span>!\n                    <\/p>\n                    <p style=\"text-align: left;\">De fruktansv\u00e4rda grymheter som Hamas d\u00e5 begick har v\u00e4l n\u00e5tt de flesta genom v\u00e5ra medier och \u00e4ven genom den utf\u00f6rliga dokumentation som terroristerna sj\u00e4lva med stolthet visat upp. Jag har ocks\u00e5 f\u00e5tt personliga rapporter om det mest ofattbara, i flera fall med en innerlig v\u00e4djan om att ber\u00e4tta det vidare. Jag kom att t\u00e4nka p\u00e5 liknande ord fr\u00e5n offer och \u00f6verlevare fr\u00e5n F\u00f6rintelsen. D\u00e4rf\u00f6r \u00e4r det nu min v\u00e4djan till er:&nbsp;<\/p>\n                    <p style=\"text-align: center;\">\n                      <span style=\"font-weight: 700; font-style: italic;\">Gl\u00f6m inte den 7 oktober!<\/span>&nbsp;\n                    <\/p>\n                    <p style=\"text-align: left;\">Jag vill ocks\u00e5 h\u00e4nvisa till Jesper Svartviks artikel, <a href=\"https:\/\/www.kyrkanstidning.se\/kultur\/terrorgruppen-hamas-hyllas-pogromen\" target=\"_blank\" rel=\"noopener noreferrer\"><\/a>\n                      <span style=\"font-weight: 700;\">\n                        <a href=\"https:\/\/www.kyrkanstidning.se\/kultur\/terrorgruppen-hamas-hyllas-pogromen\" rel=\"noopener noreferrer\" target=\"_blank\">\u201dTerrorgruppen Hamas hyllas f\u00f6r pogromen\u201d<\/a>\n                      <\/span> i Kyrkans tidning den 17 oktober. Jesper Svartvik \u00e4r vice ordf\u00f6rande i Jubileumsfondens styrelse.&nbsp;\n                    <\/p>\n                    <h3 style=\"text-align: center;\">L\u00e4s den <a class=\"u-active-none u-border-none u-btn u-button-style u-hover-none u-none u-text-palette-1-base u-btn-1\" href=\"https:\/\/www.kyrkanstidning.se\/kultur\/terrorgruppen-hamas-hyllas-pogromen\" rel=\"noopener noreferrer\" target=\"_blank\">\n                        <span style=\"font-weight: 700;\">H\u00c4R!<\/span>\n                      <\/a>\n                    <\/h3>\n                    <p style=\"text-align: left;\">Vi i styrelsen uttrycker v\u00e5r best\u00f6rtning och sorg \u00f6ver detta barbariska massmord och f\u00f6rd\u00f6mer terrororganisationen Hamas med deras underst\u00f6djare och sympatis\u00f6rer.<\/p>\n                    <h2 style=\"text-align: center;\">\n                      <span style=\"font-weight: 700;\">\n                        <span class=\"u-text-custom-color-3\">Gl\u00f6m inte den 7 oktober 2023!<\/span>\n                      <\/span>\n                    <\/h2>\n                  <\/div>\n                <\/div>\n              <\/div>\n            <\/div>\n          <\/div>\n        <\/div>\n      <\/div>\n    <\/section>\n    \n    \n    \n    \n  \n","protected":false},"excerpt":{"rendered":"<p>G\u00f6ran Larsson skriver:&nbsp; Gl\u00f6m inte den 7 oktober 2023! Konflikth\u00e4rdarna \u00e4r m\u00e5nga runt om i v\u00e4rlden och nyhetsfl\u00f6det \u00e4ndrar snabbt riktning. Hela tiden hamnar \u00e4ven allvarliga skeenden i skuggan av &hellip; <a href=\"https:\/\/www.judiskkristnarelationer.se\/?page_id=43008\" class=\"more-link\">Continue reading<span class=\"screen-reader-text\"> &#8220;Gl\u00f6m inte&#8221;<\/span><\/a><\/p>\n","protected":false},"author":2,"featured_media":0,"parent":0,"menu_order":0,"comment_status":"closed","ping_status":"closed","template":"","meta":{"_crdt_document":"","cybocfi_hide_featured_image":"","footnotes":""},"class_list":["post-43008","page","type-page","status-publish","hentry"],"_links":{"self":[{"href":"https:\/\/www.judiskkristnarelationer.se\/index.php?rest_route=\/wp\/v2\/pages\/43008","targetHints":{"allow":["GET"]}}],"collection":[{"href":"https:\/\/www.judiskkristnarelationer.se\/index.php?rest_route=\/wp\/v2\/pages"}],"about":[{"href":"https:\/\/www.judiskkristnarelationer.se\/index.php?rest_route=\/wp\/v2\/types\/page"}],"author":[{"embeddable":true,"href":"https:\/\/www.judiskkristnarelationer.se\/index.php?rest_route=\/wp\/v2\/users\/2"}],"replies":[{"embeddable":true,"href":"https:\/\/www.judiskkristnarelationer.se\/index.php?rest_route=%2Fwp%2Fv2%2Fcomments&post=43008"}],"version-history":[{"count":9,"href":"https:\/\/www.judiskkristnarelationer.se\/index.php?rest_route=\/wp\/v2\/pages\/43008\/revisions"}],"predecessor-version":[{"id":43059,"href":"https:\/\/www.judiskkristnarelationer.se\/index.php?rest_route=\/wp\/v2\/pages\/43008\/revisions\/43059"}],"wp:attachment":[{"href":"https:\/\/www.judiskkristnarelationer.se\/index.php?rest_route=%2Fwp%2Fv2%2Fmedia&parent=43008"}],"curies":[{"name":"wp","href":"https:\/\/api.w.org\/{rel}","templated":true}]}}