{"id":247,"date":"2016-04-03T22:15:06","date_gmt":"2016-04-03T20:15:06","guid":{"rendered":"http:\/\/www.judiskkristnarelationer.se\/?page_id=247"},"modified":"2023-10-26T11:05:16","modified_gmt":"2023-10-26T09:05:16","slug":"fonster-mot-gud","status":"publish","type":"page","link":"https:\/\/www.judiskkristnarelationer.se\/?page_id=247","title":{"rendered":"F\u00f6nster mot Gud"},"content":{"rendered":"<p><strong><a href=\"http:\/\/www.judiskkristnarelationer.se\/wp-content\/uploads\/2016\/03\/fonster_mot_gud-1.jpg\" data-rel=\"lightbox-gallery-p6tnlZ4v\" data-rl_title=\"F\u00f6nster mot Gud.\" data-rl_caption=\"\" title=\"F\u00f6nster mot Gud.\"><img loading=\"lazy\" decoding=\"async\" class=\"alignleft wp-image-95\" style=\"border: 0px;\" src=\"https:\/\/www.judiskkristnarelationer.se\/wp-content\/uploads\/2016\/03\/fonster_mot_gud-1.jpg\" alt=\"F\u00f6nster mot Gud.\" width=\"340\" height=\"323\" srcset=\"https:\/\/www.judiskkristnarelationer.se\/wp-content\/uploads\/2016\/03\/fonster_mot_gud-1.jpg 320w, https:\/\/www.judiskkristnarelationer.se\/wp-content\/uploads\/2016\/03\/fonster_mot_gud-1-300x285.jpg 300w\" sizes=\"auto, (max-width: 340px) 85vw, 340px\" \/><\/a>Som framg\u00e5r av bokens titel har den direkt anknytning till Svenska teologiska institutet i Jerusalem (STI), <\/strong><strong>som firade 60-\u00e5rsjubileum 2011.<\/strong><\/p>\n<p>Boken \u00e4r den fj\u00e4rde i den skriftserie som Jubileumsfonden ger ut: <span class=\"breadc11ital\">Skrifter om judisk och kristen tro och tradition<\/span>. Boken ges ut i samarbete med Svenska kyrkan och STI, och som institutets direktor under m\u00e5nga \u00e5r tycker jag att det s\u00e4rskilt roligt att den nu presenteras som institutets jubileumsbok.<\/p>\n<p>Ikonerna i institutets kapell \u00e5terger framb\u00e4randet av Jesus i templet enligt Lukas 2:22-40. Detta motiv har i m\u00e5nga \u00e5r varit s\u00e4rskilt k\u00e4rt f\u00f6r mig, eftersom det ger en s\u00e5 kraftig p\u00e5minnelse om det djupa sambandet mellan den kristna Bibelns b\u00e5da delar och om det n\u00e4ra sl\u00e4ktskapet mellan judisk och kristen tro. Jesus l\u00e4ggs i en from judes famn, Symeon. P\u00e5 ikonen ser vi honom insvept i den judiska b\u00f6nemanteln: <span class=\"breadc11ital\">Genom att Symeon \u00e4r insvept i en b\u00f6nemantel, tydligg\u00f6rs det bibliskt otvetydiga men s\u00e5 ofta f\u00f6rsummade och ibland \u00e4ven f\u00f6rnekade faktum att Jesus som jude l\u00e4ggs i det judiska folkets famn. <\/span><\/p>\n<p><span class=\"breadc11ital\">Symeon f\u00f6rkroppsligar p\u00e5 s\u00e4tt och vis ocks\u00e5 sj\u00e4lv den fr\u00e4lsning som Gud har berett \u00e5t alla folk. Till den beredelsen h\u00f6r ju just utv\u00e4ljandet av ett s\u00e4rskilt f\u00f6rbundsfolk som f\u00e5r ta emot och b\u00e4ra uppenbarelsens ljus \u2013 det ljus som s\u00e4nkte sig \u00f6ver tabernaklet, \u201dinkarnerades\u201d i Tora och f\u00f6rmedlades till v\u00e4rlden genom det judiska folket. Jesu ord enligt Johannes 4:22 \u2013 \u201dFr\u00e4lsningen kommer fr\u00e5n judarna\u201d \u2013 kan d\u00e4rf\u00f6r l\u00e4sas som n\u00e5got av en kommentar till Symeons tv\u00e5faldiga profetia om barnet han besk\u00e5dar: \u201dett ljus med uppenbarelse \u00e5t hedningarna och h\u00e4rlighet \u00e5t ditt folk Israel\u201d<\/span> (sid. 89).<\/p>\n<p>Denna bok vill ge inblickar i b\u00e5de Bibelns och ikonernas v\u00e4rld. Genom sina talrika f\u00e4rgbilder och smakfulla design har den ocks\u00e5 blivit en vacker presentbok.<\/p>\n<p class=\"breadc11ital\" style=\"padding-left: 30px;\"><em>G\u00f6ran Larsson<\/em><\/p>\n<hr \/>\n<p><strong>Pris SEK 120: &#8212;\u00a0<\/strong>Frakt tillkommer. Inbetalningskort bifogas.<\/p>\n<p>Boken kan best\u00e4llas hos:<\/p>\n<p style=\"padding-left: 30px;\">Lars-\u00c5ke Sp\u00e5nberger,<br \/>\nIndustrigatan 14,<br \/>\n112 46 Stockholm<br \/>\n<strong><a href=\"mailto:larsake.spanberger@gmail.com\">larsake.spanberger@gmail.com<\/a><\/strong><br \/>\ntel. 0730-383848.<\/p>\n<p style=\"padding-left: 30px;\">\n","protected":false},"excerpt":{"rendered":"<p>Som framg\u00e5r av bokens titel har den direkt anknytning till Svenska teologiska institutet i Jerusalem (STI), som firade 60-\u00e5rsjubileum 2011. Boken \u00e4r den fj\u00e4rde i den skriftserie som Jubileumsfonden ger &hellip; <a href=\"https:\/\/www.judiskkristnarelationer.se\/?page_id=247\" class=\"more-link\">Continue reading<span class=\"screen-reader-text\"> &#8220;F\u00f6nster mot Gud&#8221;<\/span><\/a><\/p>\n","protected":false},"author":2,"featured_media":0,"parent":0,"menu_order":0,"comment_status":"closed","ping_status":"closed","template":"","meta":{"_crdt_document":"","cybocfi_hide_featured_image":"","footnotes":""},"class_list":["post-247","page","type-page","status-publish","hentry"],"_links":{"self":[{"href":"https:\/\/www.judiskkristnarelationer.se\/index.php?rest_route=\/wp\/v2\/pages\/247","targetHints":{"allow":["GET"]}}],"collection":[{"href":"https:\/\/www.judiskkristnarelationer.se\/index.php?rest_route=\/wp\/v2\/pages"}],"about":[{"href":"https:\/\/www.judiskkristnarelationer.se\/index.php?rest_route=\/wp\/v2\/types\/page"}],"author":[{"embeddable":true,"href":"https:\/\/www.judiskkristnarelationer.se\/index.php?rest_route=\/wp\/v2\/users\/2"}],"replies":[{"embeddable":true,"href":"https:\/\/www.judiskkristnarelationer.se\/index.php?rest_route=%2Fwp%2Fv2%2Fcomments&post=247"}],"version-history":[{"count":15,"href":"https:\/\/www.judiskkristnarelationer.se\/index.php?rest_route=\/wp\/v2\/pages\/247\/revisions"}],"predecessor-version":[{"id":43062,"href":"https:\/\/www.judiskkristnarelationer.se\/index.php?rest_route=\/wp\/v2\/pages\/247\/revisions\/43062"}],"wp:attachment":[{"href":"https:\/\/www.judiskkristnarelationer.se\/index.php?rest_route=%2Fwp%2Fv2%2Fmedia&parent=247"}],"curies":[{"name":"wp","href":"https:\/\/api.w.org\/{rel}","templated":true}]}}