{"id":184,"date":"2016-04-03T12:41:48","date_gmt":"2016-04-03T10:41:48","guid":{"rendered":"http:\/\/www.judiskkristnarelationer.se\/?page_id=184"},"modified":"2023-10-24T19:10:06","modified_gmt":"2023-10-24T17:10:06","slug":"styrelsen","status":"publish","type":"page","link":"https:\/\/www.judiskkristnarelationer.se\/?page_id=184","title":{"rendered":"Styrelsen"},"content":{"rendered":"<h2 style=\"text-align: left;\">G\u00f6ran Larssons jubileumsfond f\u00f6r judisk-kristna relationer<\/h2>\n<p style=\"padding-left: 30px; text-align: left;\"><strong>Styrelsen har f\u00f6ljande sammans\u00e4ttning:<\/strong><\/p>\n<ul style=\"text-align: left;\">\n<li>Ordf\u00f6rande:<br \/>\nLars-\u00c5ke Sp\u00e5nberger<br \/>\nIndustrigatan 14<br \/>\n112 46 Stockholm<br \/>\n<em><a href=\"mailto:larsake.spanberger@gmail.com\">larsake.spanberger@gmail.com<\/a><\/em><\/li>\n<\/ul>\n<ul style=\"text-align: left;\">\n<li>Vice ordf\u00f6rande:<br \/>\nJesper Svartvik<br \/>\nSnorres v\u00e4g 105<br \/>\n224 74 Lund<br \/>\n<em><a href=\"mailto:dr.jesper.svartvik@gmail.com\">dr.jesper.svartvik@gmail.com<\/a><\/em><\/li>\n<\/ul>\n<ul style=\"text-align: left;\">\n<li>B\u00f6rje Hedman<br \/>\nLilla v\u00e4gen 7<br \/>\n749 49 Enk\u00f6ping<br \/>\n<em><a href=\"mailto:borje.hedman@telia.com\">borje.hedman@icloud.com<\/a><\/em><\/li>\n<\/ul>\n<ul style=\"text-align: left;\">\n<li>G\u00f6ran Larsson<br \/>\nSommarv\u00e4gen 1<br \/>\n177 61 J\u00e4rf\u00e4lla<br \/>\n<em><a href=\"mailto:goran.larsson@judiskkristnarelationer.se\">goran.larsson@judiskkristnarelationer.se<\/a><\/em><\/li>\n<\/ul>\n<ul style=\"text-align: left;\">\n<li>Per-Henrik Petersson<br \/>\nGrindstugev\u00e4gen 146<br \/>\n589 29 Link\u00f6ping<br \/>\n<em><a href=\"mailto:per-henrik.petersson@4klovern.se\">per-henrik.petersson@4klovern.se<\/a><\/em><\/li>\n<\/ul>\n<ul style=\"text-align: left;\">\n<li>Dagny St\u00e5hlberg<br \/>\nIndustrigatan 14<br \/>\n112 46 Stockholm<br \/>\n<em><a href=\"mailto:dagnystahlberg@gmail.com\">dagnystahlberg@gmail.com<\/a><\/em><\/li>\n<\/ul>\n<p style=\"text-align: left;\">\n","protected":false},"excerpt":{"rendered":"<p>G\u00f6ran Larssons jubileumsfond f\u00f6r judisk-kristna relationer Styrelsen har f\u00f6ljande sammans\u00e4ttning: Ordf\u00f6rande: Lars-\u00c5ke Sp\u00e5nberger Industrigatan 14 112 46 Stockholm larsake.spanberger@gmail.com Vice ordf\u00f6rande: Jesper Svartvik Snorres v\u00e4g 105 224 74 Lund dr.jesper.svartvik@gmail.com &hellip; <a href=\"https:\/\/www.judiskkristnarelationer.se\/?page_id=184\" class=\"more-link\">Continue reading<span class=\"screen-reader-text\"> &#8220;Styrelsen&#8221;<\/span><\/a><\/p>\n","protected":false},"author":2,"featured_media":0,"parent":0,"menu_order":0,"comment_status":"closed","ping_status":"closed","template":"","meta":{"_crdt_document":"","cybocfi_hide_featured_image":"","footnotes":""},"class_list":["post-184","page","type-page","status-publish","hentry"],"_links":{"self":[{"href":"https:\/\/www.judiskkristnarelationer.se\/index.php?rest_route=\/wp\/v2\/pages\/184","targetHints":{"allow":["GET"]}}],"collection":[{"href":"https:\/\/www.judiskkristnarelationer.se\/index.php?rest_route=\/wp\/v2\/pages"}],"about":[{"href":"https:\/\/www.judiskkristnarelationer.se\/index.php?rest_route=\/wp\/v2\/types\/page"}],"author":[{"embeddable":true,"href":"https:\/\/www.judiskkristnarelationer.se\/index.php?rest_route=\/wp\/v2\/users\/2"}],"replies":[{"embeddable":true,"href":"https:\/\/www.judiskkristnarelationer.se\/index.php?rest_route=%2Fwp%2Fv2%2Fcomments&post=184"}],"version-history":[{"count":15,"href":"https:\/\/www.judiskkristnarelationer.se\/index.php?rest_route=\/wp\/v2\/pages\/184\/revisions"}],"predecessor-version":[{"id":43018,"href":"https:\/\/www.judiskkristnarelationer.se\/index.php?rest_route=\/wp\/v2\/pages\/184\/revisions\/43018"}],"wp:attachment":[{"href":"https:\/\/www.judiskkristnarelationer.se\/index.php?rest_route=%2Fwp%2Fv2%2Fmedia&parent=184"}],"curies":[{"name":"wp","href":"https:\/\/api.w.org\/{rel}","templated":true}]}}